{"id":7,"date":"2019-12-14T11:32:20","date_gmt":"2019-12-14T08:32:20","guid":{"rendered":"http:\/\/caneroglu.com\/?page_id=7"},"modified":"2023-01-28T01:27:39","modified_gmt":"2023-01-27T22:27:39","slug":"hakkimda","status":"publish","type":"page","link":"https:\/\/caneroglu.com\/?page_id=7","title":{"rendered":"Hakk\u0131mda"},"content":{"rendered":"<div class=\"wp-block-image\">\n<figure class=\"alignleft size-large is-resized\"><img loading=\"lazy\" decoding=\"async\" src=\"http:\/\/caneroglu.com\/wp-content\/uploads\/2019\/12\/orcun-can-eroglu.jpg\" alt=\"\" class=\"wp-image-2366\" width=\"196\" height=\"196\" srcset=\"https:\/\/caneroglu.com\/wp-content\/uploads\/2019\/12\/orcun-can-eroglu.jpg 500w, https:\/\/caneroglu.com\/wp-content\/uploads\/2019\/12\/orcun-can-eroglu-300x300.jpg 300w, https:\/\/caneroglu.com\/wp-content\/uploads\/2019\/12\/orcun-can-eroglu-100x100.jpg 100w\" sizes=\"(max-width: 196px) 100vw, 196px\" \/><\/figure><\/div>\n\n\n<p>Merhaba ben <strong>Can Ero\u011flu<\/strong> ; 1985 Ankara do\u011fumluyum. 20 &#8211; 30&#8217;lu ya\u015flar\u0131m Amerika ve T\u00fcrkiye aras\u0131nda ge\u00e7ti. Bah\u00e7e\u015fehir \u00dcniversitesi (T\u00fcrkiye) ve Temple University (ABD) \u2018de e\u011fitim ald\u0131m. 20 y\u0131l\u0131 a\u015fk\u0131n s\u00fcredir teknoloji trendlerini ve uygulamalar\u0131n\u0131 en \u00f6n s\u0131radan takip ediyorum.<\/p>\n\n\n\n<p><\/p>\n\n\n\n<p>Teknolojiye olan ilgimin hayat\u0131m ve kariyerimle kesi\u015fmesi Newtech dergisi yaz\u0131 i\u015fleri m\u00fcd\u00fcr\u00fc olarak g\u00f6rev almam ile birlikte ba\u015flad\u0131. 2014 y\u0131l\u0131n\u0131n sonuna kadar \u00e7e\u015fitli kurumlarda proje y\u00f6neticisi olarak \u00e7al\u0131\u015ft\u0131m, akabinde gezegende.com&#8217;u kurdum.<\/p>\n\n\n\n<p>2015 Y\u0131l\u0131nda kurucusu oldu\u011fum <a href=\"https:\/\/www.miobilisim.com\">Mio Bili\u015fim<\/a> firmas\u0131n\u0131n b\u00fcy\u00fctt\u00fc\u011f\u00fc g\u00fcncel haber yay\u0131nlar\u0131 yapan Gezegende.com\u2019un 2018 Y\u0131l\u0131 Temmuz ay\u0131 itibari ile t\u00fcm yay\u0131n haklar\u0131n\u0131 devrederek haber sitesinin ba\u015fka bir medya kurulu\u015funa devrini ger\u00e7ekle\u015ftirdim. <\/p>\n\n\n\n<p><strong>Proje ve \u00c7al\u0131\u015fma Ge\u00e7mi\u015fi<\/strong><\/p>\n\n\n\n<p>2020 &#8211; Supermicro \/ Sales Manager Turkey<br>2017 &#8211; 2019 GTM Teknoloji \/ Proje Y\u00f6neticisi<br>2014 &#8211; 2017 Damarsoft \/ Proje Y\u00f6neticisi<br>2013 &#8211; 2014 Newtech \/ Yaz\u0131 \u0130\u015fleri M\u00fcd\u00fcr\u00fc<\/p>\n\n\n\n<p><\/p>\n","protected":false},"excerpt":{"rendered":"<p>Merhaba ben Can Ero\u011flu ; 1985 Ankara do\u011fumluyum. 20 &#8211; 30&#8217;lu ya\u015flar\u0131m Amerika ve T\u00fcrkiye aras\u0131nda ge\u00e7ti. Bah\u00e7e\u015fehir \u00dcniversitesi (T\u00fcrkiye) ve Temple University (ABD) \u2018de&#8230;<\/p>\n<div class=\"more-link-wrapper\"><a class=\"more-link\" href=\"https:\/\/caneroglu.com\/?page_id=7\">Devam\u0131n\u0131 okuyun<span class=\"screen-reader-text\">Hakk\u0131mda<\/span><\/a><\/div>\n","protected":false},"author":1,"featured_media":0,"parent":0,"menu_order":0,"comment_status":"closed","ping_status":"closed","template":"","meta":{"_monsterinsights_skip_tracking":false,"_monsterinsights_sitenote_active":false,"_monsterinsights_sitenote_note":"","_monsterinsights_sitenote_category":0,"footnotes":""},"class_list":["post-7","page","type-page","status-publish","hentry","entry"],"jetpack_sharing_enabled":true,"_links":{"self":[{"href":"https:\/\/caneroglu.com\/index.php?rest_route=\/wp\/v2\/pages\/7"}],"collection":[{"href":"https:\/\/caneroglu.com\/index.php?rest_route=\/wp\/v2\/pages"}],"about":[{"href":"https:\/\/caneroglu.com\/index.php?rest_route=\/wp\/v2\/types\/page"}],"author":[{"embeddable":true,"href":"https:\/\/caneroglu.com\/index.php?rest_route=\/wp\/v2\/users\/1"}],"replies":[{"embeddable":true,"href":"https:\/\/caneroglu.com\/index.php?rest_route=%2Fwp%2Fv2%2Fcomments&post=7"}],"version-history":[{"count":29,"href":"https:\/\/caneroglu.com\/index.php?rest_route=\/wp\/v2\/pages\/7\/revisions"}],"predecessor-version":[{"id":2458,"href":"https:\/\/caneroglu.com\/index.php?rest_route=\/wp\/v2\/pages\/7\/revisions\/2458"}],"wp:attachment":[{"href":"https:\/\/caneroglu.com\/index.php?rest_route=%2Fwp%2Fv2%2Fmedia&parent=7"}],"curies":[{"name":"wp","href":"https:\/\/api.w.org\/{rel}","templated":true}]}}